{"id":2,"date":"2024-12-06T16:34:29","date_gmt":"2024-12-06T15:34:29","guid":{"rendered":"http:\/\/marion-esnault.com\/?page_id=2"},"modified":"2025-08-21T14:05:05","modified_gmt":"2025-08-21T12:05:05","slug":"page-d-exemple","status":"publish","type":"page","link":"https:\/\/marion-esnault.com\/","title":{"rendered":"\u00ab\u00a0Caminante, no hay camino, se hace camino al andar\u00a0\u00bb Antonio Machado"},"content":{"rendered":"\n<h4 class=\"wp-block-heading has-text-align-center has-source-serif-pro-font-family\" style=\"border-radius:0px;margin-right:0;margin-bottom:var(--wp--preset--spacing--50);margin-left:0;font-style:normal;font-weight:300\">\u00ab\u00a0Caminante, no hay camino, se hace camino al andar\u00a0\u00bb Antonio Machado<\/h4>\n\n\n\n<figure class=\"wp-block-image size-large is-resized has-custom-border\" style=\"margin-top:0;margin-right:0;margin-bottom:0;margin-left:0\"><img loading=\"lazy\" decoding=\"async\" width=\"1024\" height=\"655\" src=\"https:\/\/marion-esnault.com\/wp-content\/uploads\/2025\/05\/Marion_photographe_07-1024x655.jpeg\" alt=\"\" class=\"wp-image-83\" style=\"border-width:5px;border-radius:0px;object-fit:cover;width:900px;height:450px\" srcset=\"https:\/\/marion-esnault.com\/wp-content\/uploads\/2025\/05\/Marion_photographe_07-1024x655.jpeg 1024w, https:\/\/marion-esnault.com\/wp-content\/uploads\/2025\/05\/Marion_photographe_07-300x192.jpeg 300w, https:\/\/marion-esnault.com\/wp-content\/uploads\/2025\/05\/Marion_photographe_07-768x491.jpeg 768w, https:\/\/marion-esnault.com\/wp-content\/uploads\/2025\/05\/Marion_photographe_07.jpeg 1280w\" sizes=\"auto, (max-width: 1024px) 100vw, 1024px\" \/><\/figure>\n\n\n\n<p class=\"has-source-serif-pro-font-family\" style=\"font-style:normal;font-weight:300\"><strong>Journaliste, photographe et r\u00e9alisatrice de documentaires, je vis entre l&rsquo;Oc\u00e9an Pacifique et la Cordill\u00e8re des Andes. <\/strong><\/p>\n\n\n\n<p class=\"has-source-serif-pro-font-family\" style=\"font-style:normal;font-weight:300\"><strong>Le Chili est cette longue bande de terre perdue au sud du continent am\u00e9ricain. Une \u00eele coinc\u00e9e entre le d\u00e9sert d&rsquo;Atacama, le Cap Horn, et les 4600 kilom\u00e8tres de Cordill\u00e8re des Andes et de c\u00f4tes Pacifique. Sa beaut\u00e9 est \u00e0 couper le souffle.<\/strong><\/p>\n\n\n\n<p class=\"has-source-serif-pro-font-family\" style=\"font-style:normal;font-weight:300\"><strong>Pourtant, dans les montagnes, j&rsquo;ai vu des trous g\u00e9ants pour extraire le cuivre des roches.<\/strong> <strong>\u00c0<\/strong> <strong>Atacama, des tuyaux \u00e9normes pour pomper le lithium du d\u00e9sert de sel. <\/strong><strong>En Patagonie, les fonds marins d\u00e9truits par des millions de saumons \u00e9lev\u00e9s dans les fiords les plus australes de la plan\u00e8te.<\/strong><\/p>\n\n\n\n<p class=\"has-source-serif-pro-font-family\" style=\"font-style:normal;font-weight:300\"><strong>Les <a href=\"https:\/\/marion-esnault.com\/index.php\/reportages\/\" data-type=\"page\" data-id=\"25\">reportages<\/a>, <a href=\"https:\/\/marion-esnault.com\/index.php\/photographies\/\" data-type=\"page\" data-id=\"37\">photographies<\/a> et <a href=\"https:\/\/marion-esnault.com\/index.php\/documentaires\/\" data-type=\"page\" data-id=\"26\">documentaires<\/a> r\u00e9unis ici racontent ce que mes yeux ont vu et ce que mes oreilles ont entendu ces quinze derni\u00e8res ann\u00e9es. Pour la RTS (Radio Suisse), la RTBF (Radio Belge), Reporterre, La Croix, Politis, Le Temps, Le Courrier, et bien d&rsquo;autres, je t\u00e9moigne &#8211; du mieux que possible &#8211; des r\u00e9alit\u00e9s d&rsquo;ici et d&rsquo;ailleurs.<\/strong><\/p>\n\n\n\n<p class=\"has-source-serif-pro-font-family\"><strong>Belle d\u00e9couverte.<\/strong><\/p>\n\n\n\n<div class=\"wp-block-group is-layout-grid wp-container-core-group-is-layout-478b6e6b wp-block-group-is-layout-grid\">\n<div class=\"wp-block-cover is-light\" style=\"border-width:3px\"><img loading=\"lazy\" decoding=\"async\" width=\"1024\" height=\"683\" class=\"wp-block-cover__image-background wp-image-186 size-large\" alt=\"\" src=\"https:\/\/marion-esnault.com\/wp-content\/uploads\/2025\/05\/AP1_5090-2-1024x683.jpg\" style=\"object-position:21% 72%\" data-object-fit=\"cover\" data-object-position=\"21% 72%\" srcset=\"https:\/\/marion-esnault.com\/wp-content\/uploads\/2025\/05\/AP1_5090-2-1024x683.jpg 1024w, https:\/\/marion-esnault.com\/wp-content\/uploads\/2025\/05\/AP1_5090-2-300x200.jpg 300w, https:\/\/marion-esnault.com\/wp-content\/uploads\/2025\/05\/AP1_5090-2-768x512.jpg 768w, https:\/\/marion-esnault.com\/wp-content\/uploads\/2025\/05\/AP1_5090-2-1536x1024.jpg 1536w, https:\/\/marion-esnault.com\/wp-content\/uploads\/2025\/05\/AP1_5090-2-2048x1365.jpg 2048w\" sizes=\"auto, (max-width: 1024px) 100vw, 1024px\" \/><span aria-hidden=\"true\" class=\"wp-block-cover__background has-background-dim\" style=\"background-color:#908d8e\"><\/span><div class=\"wp-block-cover__inner-container is-layout-constrained wp-block-cover-is-layout-constrained\">\n<p class=\"has-text-align-center has-source-serif-pro-font-family has-medium-font-size\" style=\"font-style:normal;font-weight:600\"><a href=\"https:\/\/marion-esnault.com\/index.php\/reportages\/\" data-type=\"page\" data-id=\"25\">REPORTAGES<\/a><\/p>\n<\/div><\/div>\n\n\n\n<div class=\"wp-block-group is-layout-constrained wp-block-group-is-layout-constrained\">\n<div class=\"wp-block-cover is-light\" style=\"border-width:3px\"><img loading=\"lazy\" decoding=\"async\" width=\"1024\" height=\"680\" class=\"wp-block-cover__image-background wp-image-188 size-large\" alt=\"\" src=\"https:\/\/marion-esnault.com\/wp-content\/uploads\/2025\/05\/Lyon-Lumieres-2011-Les-yeux-dans-les-yeux-1024x680.jpg\" style=\"object-position:29% 57%\" data-object-fit=\"cover\" data-object-position=\"29% 57%\" srcset=\"https:\/\/marion-esnault.com\/wp-content\/uploads\/2025\/05\/Lyon-Lumieres-2011-Les-yeux-dans-les-yeux-1024x680.jpg 1024w, https:\/\/marion-esnault.com\/wp-content\/uploads\/2025\/05\/Lyon-Lumieres-2011-Les-yeux-dans-les-yeux-300x199.jpg 300w, https:\/\/marion-esnault.com\/wp-content\/uploads\/2025\/05\/Lyon-Lumieres-2011-Les-yeux-dans-les-yeux-768x510.jpg 768w, https:\/\/marion-esnault.com\/wp-content\/uploads\/2025\/05\/Lyon-Lumieres-2011-Les-yeux-dans-les-yeux-1536x1019.jpg 1536w, https:\/\/marion-esnault.com\/wp-content\/uploads\/2025\/05\/Lyon-Lumieres-2011-Les-yeux-dans-les-yeux-2048x1359.jpg 2048w\" sizes=\"auto, (max-width: 1024px) 100vw, 1024px\" \/><span aria-hidden=\"true\" class=\"wp-block-cover__background has-background-dim\" style=\"background-color:#7195c4\"><\/span><div class=\"wp-block-cover__inner-container is-layout-constrained wp-block-cover-is-layout-constrained\">\n<p class=\"has-text-align-center has-source-serif-pro-font-family has-medium-font-size\" style=\"font-style:normal;font-weight:600\"><a href=\"https:\/\/marion-esnault.com\/index.php\/photographies\/\" data-type=\"page\" data-id=\"37\">PHOTOGRAPHIES<\/a><\/p>\n<\/div><\/div>\n<\/div>\n\n\n\n<div class=\"wp-block-cover is-light\" style=\"border-width:3px\"><img loading=\"lazy\" decoding=\"async\" width=\"1024\" height=\"683\" class=\"wp-block-cover__image-background wp-image-187 size-large\" alt=\"\" src=\"https:\/\/marion-esnault.com\/wp-content\/uploads\/2025\/05\/PDT-Chili-secheresse-photos-5-1024x683.jpg\" style=\"object-position:90% 50%\" data-object-fit=\"cover\" data-object-position=\"90% 50%\" srcset=\"https:\/\/marion-esnault.com\/wp-content\/uploads\/2025\/05\/PDT-Chili-secheresse-photos-5-1024x683.jpg 1024w, https:\/\/marion-esnault.com\/wp-content\/uploads\/2025\/05\/PDT-Chili-secheresse-photos-5-300x200.jpg 300w, https:\/\/marion-esnault.com\/wp-content\/uploads\/2025\/05\/PDT-Chili-secheresse-photos-5-768x512.jpg 768w, https:\/\/marion-esnault.com\/wp-content\/uploads\/2025\/05\/PDT-Chili-secheresse-photos-5.jpg 1500w\" sizes=\"auto, (max-width: 1024px) 100vw, 1024px\" \/><span aria-hidden=\"true\" class=\"wp-block-cover__background has-background-dim\" style=\"background-color:#969494\"><\/span><div class=\"wp-block-cover__inner-container is-layout-constrained wp-block-cover-is-layout-constrained\">\n<p class=\"has-text-align-center has-source-serif-pro-font-family has-medium-font-size\" style=\"font-style:normal;font-weight:600\"><a href=\"https:\/\/marion-esnault.com\/index.php\/documentaires\/\" data-type=\"page\" data-id=\"26\">DOCUMENTAIRES<\/a><\/p>\n<\/div><\/div>\n<\/div>\n\n\n\n<p class=\"has-small-font-size\" style=\"font-style:italic;font-weight:100\">\u00a9 Mart\u00edn Alvarez<\/p>\n","protected":false},"excerpt":{"rendered":"<p>\u00ab\u00a0Caminante, no hay camino, se hace camino al andar\u00a0\u00bb Antonio Machado Journaliste, photographe et r\u00e9alisatrice de documentaires, je vis entre l&rsquo;Oc\u00e9an Pacifique et la Cordill\u00e8re des Andes. Le Chili est cette longue bande de terre perdue au sud du continent am\u00e9ricain. Une \u00eele coinc\u00e9e entre le d\u00e9sert d&rsquo;Atacama, le Cap Horn, et les 4600 kilom\u00e8tres [&hellip;]<\/p>\n","protected":false},"author":1,"featured_media":0,"parent":0,"menu_order":0,"comment_status":"closed","ping_status":"open","template":"","meta":{"footnotes":""},"class_list":["post-2","page","type-page","status-publish","hentry"],"_links":{"self":[{"href":"https:\/\/marion-esnault.com\/index.php\/wp-json\/wp\/v2\/pages\/2","targetHints":{"allow":["GET"]}}],"collection":[{"href":"https:\/\/marion-esnault.com\/index.php\/wp-json\/wp\/v2\/pages"}],"about":[{"href":"https:\/\/marion-esnault.com\/index.php\/wp-json\/wp\/v2\/types\/page"}],"author":[{"embeddable":true,"href":"https:\/\/marion-esnault.com\/index.php\/wp-json\/wp\/v2\/users\/1"}],"replies":[{"embeddable":true,"href":"https:\/\/marion-esnault.com\/index.php\/wp-json\/wp\/v2\/comments?post=2"}],"version-history":[{"count":23,"href":"https:\/\/marion-esnault.com\/index.php\/wp-json\/wp\/v2\/pages\/2\/revisions"}],"predecessor-version":[{"id":614,"href":"https:\/\/marion-esnault.com\/index.php\/wp-json\/wp\/v2\/pages\/2\/revisions\/614"}],"wp:attachment":[{"href":"https:\/\/marion-esnault.com\/index.php\/wp-json\/wp\/v2\/media?parent=2"}],"curies":[{"name":"wp","href":"https:\/\/api.w.org\/{rel}","templated":true}]}}