{"id":25,"date":"2025-05-07T18:57:32","date_gmt":"2025-05-07T16:57:32","guid":{"rendered":"https:\/\/marion-esnault.com\/?page_id=25"},"modified":"2025-05-20T00:36:45","modified_gmt":"2025-05-19T22:36:45","slug":"reportages","status":"publish","type":"page","link":"https:\/\/marion-esnault.com\/index.php\/reportages\/","title":{"rendered":"REPORTAGES"},"content":{"rendered":"\n<p class=\"has-text-align-center has-source-serif-pro-font-family\" style=\"font-style:normal;font-weight:400\">Tous ces reportages (et d&rsquo;autres) ont \u00e9t\u00e9 publi\u00e9s dans des m\u00e9dias francophones. En France : Reporterre, La Croix, Politis, Socialter, RFI&#8230;En Suisse, la RTS, Le Temps, Le Courrier&#8230;En Belgique, la RTBF et au Canada, La Presse.<\/p>\n\n\n\n<p class=\"has-text-align-center has-source-serif-pro-font-family has-small-font-size\" style=\"font-style:italic;font-weight:200\">Les liens vers les articles de presse et les podcasts de ces reportages sont \u00e0 la fin de chaque item.<\/p>\n\n\n\n<div class=\"wp-block-group is-layout-grid wp-container-core-group-is-layout-478b6e6b wp-block-group-is-layout-grid\">\n<div class=\"wp-block-group is-layout-constrained wp-block-group-is-layout-constrained\">\n<div class=\"wp-block-cover is-light\" style=\"border-width:3px\"><img loading=\"lazy\" decoding=\"async\" width=\"1024\" height=\"682\" class=\"wp-block-cover__image-background wp-image-119 size-large\" alt=\"\" src=\"http:\/\/marion-esnault.com\/wp-content\/uploads\/2025\/05\/Selection-Atacama-lithium-Marion-Esnault-12-1024x682.jpg\" style=\"object-position:63% 55%\" data-object-fit=\"cover\" data-object-position=\"63% 55%\" srcset=\"https:\/\/marion-esnault.com\/wp-content\/uploads\/2025\/05\/Selection-Atacama-lithium-Marion-Esnault-12-1024x682.jpg 1024w, https:\/\/marion-esnault.com\/wp-content\/uploads\/2025\/05\/Selection-Atacama-lithium-Marion-Esnault-12-300x200.jpg 300w, https:\/\/marion-esnault.com\/wp-content\/uploads\/2025\/05\/Selection-Atacama-lithium-Marion-Esnault-12-768x512.jpg 768w, https:\/\/marion-esnault.com\/wp-content\/uploads\/2025\/05\/Selection-Atacama-lithium-Marion-Esnault-12-1536x1024.jpg 1536w, https:\/\/marion-esnault.com\/wp-content\/uploads\/2025\/05\/Selection-Atacama-lithium-Marion-Esnault-12.jpg 2000w\" sizes=\"auto, (max-width: 1024px) 100vw, 1024px\" \/><span aria-hidden=\"true\" class=\"wp-block-cover__background has-background-dim\" style=\"background-color:#7d8696\"><\/span><div class=\"wp-block-cover__inner-container is-layout-constrained wp-block-cover-is-layout-constrained\">\n<p class=\"has-text-align-center has-background-color has-text-color has-link-color has-source-serif-pro-font-family has-medium-font-size wp-elements-4a8df494133b3685e9bd0c3eed4fc457\" style=\"font-style:normal;font-weight:600\"><a href=\"https:\/\/marion-esnault.com\/index.php\/2025\/05\/09\/lithium-lor-blanc-de-la-transition-energetique\/\" data-type=\"post\" data-id=\"130\">LITHIUM, L&rsquo;OR BLANC DE LA TRANSITION<\/a><\/p>\n<\/div><\/div>\n<\/div>\n\n\n\n<div class=\"wp-block-cover is-light\" style=\"border-width:3px\"><img loading=\"lazy\" decoding=\"async\" width=\"1000\" height=\"667\" class=\"wp-block-cover__image-background wp-image-126 size-full\" alt=\"\" src=\"https:\/\/marion-esnault.com\/wp-content\/uploads\/2025\/05\/Photos-saumons-reportage-Patagonie-1.jpg\" style=\"object-position:30% 47%\" data-object-fit=\"cover\" data-object-position=\"30% 47%\" srcset=\"https:\/\/marion-esnault.com\/wp-content\/uploads\/2025\/05\/Photos-saumons-reportage-Patagonie-1.jpg 1000w, https:\/\/marion-esnault.com\/wp-content\/uploads\/2025\/05\/Photos-saumons-reportage-Patagonie-1-300x200.jpg 300w, https:\/\/marion-esnault.com\/wp-content\/uploads\/2025\/05\/Photos-saumons-reportage-Patagonie-1-768x512.jpg 768w\" sizes=\"auto, (max-width: 1000px) 100vw, 1000px\" \/><span aria-hidden=\"true\" class=\"wp-block-cover__background has-background-dim\" style=\"background-color:#97a7b4\"><\/span><div class=\"wp-block-cover__inner-container is-layout-constrained wp-block-cover-is-layout-constrained\">\n<p class=\"has-text-align-center has-background-color has-text-color has-link-color has-source-serif-pro-font-family has-medium-font-size wp-elements-d9dd3231c74ff3b1b28d8e7dbcc71b77\" style=\"font-style:normal;font-weight:600\"><a href=\"https:\/\/marion-esnault.com\/index.php\/2025\/05\/09\/lelevage-intensif-de-saumons-detruit-la-patagonie\/\" data-type=\"post\" data-id=\"157\">L\u2019\u00c9LEVAGE DE SAUMONS D\u00c9TRUIT LA PATAGONIE<\/a><\/p>\n<\/div><\/div>\n\n\n\n<div class=\"wp-block-cover is-light\" style=\"border-width:3px\"><img loading=\"lazy\" decoding=\"async\" width=\"1024\" height=\"683\" class=\"wp-block-cover__image-background wp-image-124 size-large\" alt=\"\" src=\"https:\/\/marion-esnault.com\/wp-content\/uploads\/2025\/05\/AP1_5092-bd-1024x683.jpg\" style=\"object-position:46% 56%\" data-object-fit=\"cover\" data-object-position=\"46% 56%\" srcset=\"https:\/\/marion-esnault.com\/wp-content\/uploads\/2025\/05\/AP1_5092-bd-1024x683.jpg 1024w, https:\/\/marion-esnault.com\/wp-content\/uploads\/2025\/05\/AP1_5092-bd-300x200.jpg 300w, https:\/\/marion-esnault.com\/wp-content\/uploads\/2025\/05\/AP1_5092-bd-768x512.jpg 768w, https:\/\/marion-esnault.com\/wp-content\/uploads\/2025\/05\/AP1_5092-bd-1536x1024.jpg 1536w, https:\/\/marion-esnault.com\/wp-content\/uploads\/2025\/05\/AP1_5092-bd-2048x1365.jpg 2048w\" sizes=\"auto, (max-width: 1024px) 100vw, 1024px\" \/><span aria-hidden=\"true\" class=\"wp-block-cover__background has-background-dim\" style=\"background-color:#a69d97\"><\/span><div class=\"wp-block-cover__inner-container is-layout-constrained wp-block-cover-is-layout-constrained\">\n<p class=\"has-text-align-center has-background-color has-text-color has-link-color has-source-serif-pro-font-family has-medium-font-size wp-elements-3c289ba184e646d04a51f247075d4598\" style=\"font-style:normal;font-weight:600\"><a href=\"https:\/\/marion-esnault.com\/index.php\/2025\/05\/09\/menace-sur-le-condor-andin\/\" data-type=\"post\" data-id=\"169\">MENACE SUR LE CONDOR ANDIN<\/a><\/p>\n<\/div><\/div>\n<\/div>\n\n\n\n<div class=\"wp-block-group is-layout-grid wp-container-core-group-is-layout-478b6e6b wp-block-group-is-layout-grid\">\n<div class=\"wp-block-group is-layout-grid wp-container-core-group-is-layout-478b6e6b wp-block-group-is-layout-grid\">\n<div class=\"wp-block-columns is-layout-flex wp-container-core-columns-is-layout-28f84493 wp-block-columns-is-layout-flex\">\n<div class=\"wp-block-column is-layout-flow wp-block-column-is-layout-flow\" style=\"flex-basis:100%\">\n<div class=\"wp-block-cover has-border-color has-foreground-border-color\" style=\"border-width:3px\"><img loading=\"lazy\" decoding=\"async\" width=\"2000\" height=\"1333\" class=\"wp-block-cover__image-background wp-image-120 size-full\" alt=\"\" src=\"https:\/\/marion-esnault.com\/wp-content\/uploads\/2025\/05\/Selection-Atrapaniebla-5.jpg\" data-object-fit=\"cover\" srcset=\"https:\/\/marion-esnault.com\/wp-content\/uploads\/2025\/05\/Selection-Atrapaniebla-5.jpg 2000w, https:\/\/marion-esnault.com\/wp-content\/uploads\/2025\/05\/Selection-Atrapaniebla-5-300x200.jpg 300w, https:\/\/marion-esnault.com\/wp-content\/uploads\/2025\/05\/Selection-Atrapaniebla-5-1024x682.jpg 1024w, https:\/\/marion-esnault.com\/wp-content\/uploads\/2025\/05\/Selection-Atrapaniebla-5-768x512.jpg 768w, https:\/\/marion-esnault.com\/wp-content\/uploads\/2025\/05\/Selection-Atrapaniebla-5-1536x1024.jpg 1536w\" sizes=\"auto, (max-width: 2000px) 100vw, 2000px\" \/><span aria-hidden=\"true\" class=\"wp-block-cover__background has-background-dim\" style=\"background-color:#6a757e\"><\/span><div class=\"wp-block-cover__inner-container is-layout-constrained wp-block-cover-is-layout-constrained\">\n<p class=\"has-text-align-center has-background-color has-text-color has-link-color has-source-serif-pro-font-family has-medium-font-size wp-elements-2630e5ab6ecc870dbbfb65b72c6a93dd\" style=\"font-style:normal;font-weight:600\"><a href=\"https:\/\/marion-esnault.com\/index.php\/2025\/05\/12\/recolter-leau-des-nuages\/\" data-type=\"post\" data-id=\"191\">R\u00c9COLTER L&rsquo;EAU DES NUAGES<\/a><\/p>\n<\/div><\/div>\n<\/div>\n<\/div>\n<\/div>\n\n\n\n<div class=\"wp-block-cover is-light\" style=\"border-width:3px\"><img loading=\"lazy\" decoding=\"async\" width=\"1024\" height=\"683\" class=\"wp-block-cover__image-background wp-image-125 size-large\" alt=\"\" src=\"https:\/\/marion-esnault.com\/wp-content\/uploads\/2025\/05\/PDT-Chili-secheresse-photos-7-1024x683.jpg\" style=\"object-position:35% 58%\" data-object-fit=\"cover\" data-object-position=\"35% 58%\" srcset=\"https:\/\/marion-esnault.com\/wp-content\/uploads\/2025\/05\/PDT-Chili-secheresse-photos-7-1024x683.jpg 1024w, https:\/\/marion-esnault.com\/wp-content\/uploads\/2025\/05\/PDT-Chili-secheresse-photos-7-300x200.jpg 300w, https:\/\/marion-esnault.com\/wp-content\/uploads\/2025\/05\/PDT-Chili-secheresse-photos-7-768x512.jpg 768w, https:\/\/marion-esnault.com\/wp-content\/uploads\/2025\/05\/PDT-Chili-secheresse-photos-7.jpg 1500w\" sizes=\"auto, (max-width: 1024px) 100vw, 1024px\" \/><span aria-hidden=\"true\" class=\"wp-block-cover__background has-background-dim\" style=\"background-color:#818280\"><\/span><div class=\"wp-block-cover__inner-container is-layout-constrained wp-block-cover-is-layout-constrained\">\n<p class=\"has-text-align-center has-background-color has-text-color has-link-color has-source-serif-pro-font-family has-medium-font-size wp-elements-5ea8a8888e5045cc69244560938e32e8\" style=\"font-style:normal;font-weight:600\"><a href=\"https:\/\/marion-esnault.com\/index.php\/2025\/05\/13\/la-soif-du-chili\/\" data-type=\"post\" data-id=\"215\">LA SOIF DU CHILI<\/a><\/p>\n<\/div><\/div>\n\n\n\n<div class=\"wp-block-cover has-border-color has-foreground-border-color has-background-color has-text-color has-link-color wp-elements-1f21640a07891d630d7e31d9ce996e1a\" style=\"border-width:3px\"><img loading=\"lazy\" decoding=\"async\" width=\"1024\" height=\"680\" class=\"wp-block-cover__image-background wp-image-106 size-large\" alt=\"\" src=\"https:\/\/marion-esnault.com\/wp-content\/uploads\/2025\/05\/Vaca-Muerta-site-internet-1-1024x680.jpg\" style=\"object-position:47% 49%\" data-object-fit=\"cover\" data-object-position=\"47% 49%\" srcset=\"https:\/\/marion-esnault.com\/wp-content\/uploads\/2025\/05\/Vaca-Muerta-site-internet-1-1024x680.jpg 1024w, https:\/\/marion-esnault.com\/wp-content\/uploads\/2025\/05\/Vaca-Muerta-site-internet-1-300x199.jpg 300w, https:\/\/marion-esnault.com\/wp-content\/uploads\/2025\/05\/Vaca-Muerta-site-internet-1-768x510.jpg 768w, https:\/\/marion-esnault.com\/wp-content\/uploads\/2025\/05\/Vaca-Muerta-site-internet-1-1536x1020.jpg 1536w, https:\/\/marion-esnault.com\/wp-content\/uploads\/2025\/05\/Vaca-Muerta-site-internet-1.jpg 1999w\" sizes=\"auto, (max-width: 1024px) 100vw, 1024px\" \/><span aria-hidden=\"true\" class=\"wp-block-cover__background has-background-dim\" style=\"background-color:#333a46\"><\/span><div class=\"wp-block-cover__inner-container is-layout-constrained wp-container-core-cover-is-layout-36f960bf wp-block-cover-is-layout-constrained\">\n<p class=\"has-text-align-center has-source-serif-pro-font-family has-medium-font-size\" style=\"font-style:normal;font-weight:600\"><a href=\"https:\/\/marion-esnault.com\/index.php\/2025\/05\/14\/ruee-vers-le-gaz-de-schiste-argentin\/\" data-type=\"post\" data-id=\"270\">RU\u00c9E VERS LE GAZ DE SCHISTE ARGENTIN<\/a><\/p>\n<\/div><\/div>\n<\/div>\n\n\n\n<div class=\"wp-block-group is-layout-grid wp-container-core-group-is-layout-478b6e6b wp-block-group-is-layout-grid\">\n<div class=\"wp-block-cover has-border-color has-foreground-border-color\" style=\"border-width:3px\"><img loading=\"lazy\" decoding=\"async\" width=\"1024\" height=\"680\" class=\"wp-block-cover__image-background wp-image-94 size-large\" alt=\"\" src=\"https:\/\/marion-esnault.com\/wp-content\/uploads\/2025\/05\/Chili-Zones-Sacrifiees-site-internet-1-1-1024x680.jpg\" data-object-fit=\"cover\" srcset=\"https:\/\/marion-esnault.com\/wp-content\/uploads\/2025\/05\/Chili-Zones-Sacrifiees-site-internet-1-1-1024x680.jpg 1024w, https:\/\/marion-esnault.com\/wp-content\/uploads\/2025\/05\/Chili-Zones-Sacrifiees-site-internet-1-1-300x199.jpg 300w, https:\/\/marion-esnault.com\/wp-content\/uploads\/2025\/05\/Chili-Zones-Sacrifiees-site-internet-1-1-768x510.jpg 768w, https:\/\/marion-esnault.com\/wp-content\/uploads\/2025\/05\/Chili-Zones-Sacrifiees-site-internet-1-1-1536x1020.jpg 1536w, https:\/\/marion-esnault.com\/wp-content\/uploads\/2025\/05\/Chili-Zones-Sacrifiees-site-internet-1-1.jpg 1999w\" sizes=\"auto, (max-width: 1024px) 100vw, 1024px\" \/><span aria-hidden=\"true\" class=\"wp-block-cover__background has-background-dim\" style=\"background-color:#787071\"><\/span><div class=\"wp-block-cover__inner-container is-layout-constrained wp-container-core-cover-is-layout-4a16d509 wp-block-cover-is-layout-constrained\">\n<p class=\"has-text-align-center has-background-color has-text-color has-link-color has-source-serif-pro-font-family has-medium-font-size wp-elements-794d7527b35cbb6e3621e095a5fbf4e7\" style=\"font-style:normal;font-weight:600\"><a href=\"https:\/\/marion-esnault.com\/index.php\/2025\/05\/14\/chili-zone-de-sacrifice\/\" data-type=\"post\" data-id=\"306\">CHILI, ZONE DE SACRIFICE<\/a><\/p>\n<\/div><\/div>\n\n\n\n<div class=\"wp-block-cover has-border-color has-foreground-border-color\" style=\"border-width:3px\"><img loading=\"lazy\" decoding=\"async\" width=\"1024\" height=\"682\" class=\"wp-block-cover__image-background wp-image-100 size-large\" alt=\"\" src=\"https:\/\/marion-esnault.com\/wp-content\/uploads\/2025\/05\/Perou-HCCS-Site-internet-6-1024x682.jpg\" style=\"object-position:48% 75%\" data-object-fit=\"cover\" data-object-position=\"48% 75%\" srcset=\"https:\/\/marion-esnault.com\/wp-content\/uploads\/2025\/05\/Perou-HCCS-Site-internet-6-1024x682.jpg 1024w, https:\/\/marion-esnault.com\/wp-content\/uploads\/2025\/05\/Perou-HCCS-Site-internet-6-300x200.jpg 300w, https:\/\/marion-esnault.com\/wp-content\/uploads\/2025\/05\/Perou-HCCS-Site-internet-6-768x512.jpg 768w, https:\/\/marion-esnault.com\/wp-content\/uploads\/2025\/05\/Perou-HCCS-Site-internet-6-1536x1024.jpg 1536w, https:\/\/marion-esnault.com\/wp-content\/uploads\/2025\/05\/Perou-HCCS-Site-internet-6.jpg 2000w\" sizes=\"auto, (max-width: 1024px) 100vw, 1024px\" \/><span aria-hidden=\"true\" class=\"wp-block-cover__background has-background-dim\" style=\"background-color:#686968\"><\/span><div class=\"wp-block-cover__inner-container is-layout-constrained wp-container-core-cover-is-layout-36f960bf wp-block-cover-is-layout-constrained\">\n<p class=\"has-text-align-center has-background-color has-text-color has-link-color has-source-serif-pro-font-family has-medium-font-size wp-elements-4a655c20af4bc4ca98c3ca639eaaf954\" style=\"font-style:normal;font-weight:600\"><a href=\"https:\/\/marion-esnault.com\/index.php\/2025\/05\/14\/perou-les-andes-en-colere\/\" data-type=\"post\" data-id=\"326\">P\u00c9ROU, LES ANDES EN COL\u00c8RE<\/a><\/p>\n<\/div><\/div>\n\n\n\n<div class=\"wp-block-cover has-foreground-color has-text-color has-link-color wp-elements-dc0880f8b9693f22f9795d9bcf171cda\" style=\"border-width:3px\"><img loading=\"lazy\" decoding=\"async\" width=\"1000\" height=\"667\" class=\"wp-block-cover__image-background wp-image-110 size-full\" alt=\"\" src=\"https:\/\/marion-esnault.com\/wp-content\/uploads\/2025\/05\/Estallido-social-site-internet-1-1.jpg\" style=\"object-position:10% 29%\" data-object-fit=\"cover\" data-object-position=\"10% 29%\" srcset=\"https:\/\/marion-esnault.com\/wp-content\/uploads\/2025\/05\/Estallido-social-site-internet-1-1.jpg 1000w, https:\/\/marion-esnault.com\/wp-content\/uploads\/2025\/05\/Estallido-social-site-internet-1-1-300x200.jpg 300w, https:\/\/marion-esnault.com\/wp-content\/uploads\/2025\/05\/Estallido-social-site-internet-1-1-768x512.jpg 768w\" sizes=\"auto, (max-width: 1000px) 100vw, 1000px\" \/><span aria-hidden=\"true\" class=\"wp-block-cover__background has-background-dim\" style=\"background-color:#927179\"><\/span><div class=\"wp-block-cover__inner-container is-layout-constrained wp-container-core-cover-is-layout-19a5157a wp-block-cover-is-layout-constrained\">\n<p class=\"has-text-align-center has-background-color has-text-color has-link-color has-source-serif-pro-font-family has-medium-font-size wp-elements-035f64bb2b072455a0ec18db962e028d\" style=\"font-style:normal;font-weight:600\"><a href=\"https:\/\/marion-esnault.com\/index.php\/2025\/05\/14\/chile-desperto-le-chili-sest-reveille\/\" data-type=\"post\" data-id=\"348\">CHILE DESPERT\u00d3<\/a><\/p>\n<\/div><\/div>\n<\/div>\n\n\n\n<div class=\"wp-block-group is-layout-grid wp-container-core-group-is-layout-478b6e6b wp-block-group-is-layout-grid\">\n<div class=\"wp-block-cover has-foreground-color has-text-color has-link-color wp-elements-b79b25cda82f85724838c3e3b46f8a10\" style=\"border-width:3px\"><img loading=\"lazy\" decoding=\"async\" width=\"1500\" height=\"1000\" class=\"wp-block-cover__image-background wp-image-121 size-full\" alt=\"\" src=\"https:\/\/marion-esnault.com\/wp-content\/uploads\/2025\/05\/Valparaiso-Belle-Echappee-RTS-1.jpg\" style=\"object-position:50% 32%\" data-object-fit=\"cover\" data-object-position=\"50% 32%\" srcset=\"https:\/\/marion-esnault.com\/wp-content\/uploads\/2025\/05\/Valparaiso-Belle-Echappee-RTS-1.jpg 1500w, https:\/\/marion-esnault.com\/wp-content\/uploads\/2025\/05\/Valparaiso-Belle-Echappee-RTS-1-300x200.jpg 300w, https:\/\/marion-esnault.com\/wp-content\/uploads\/2025\/05\/Valparaiso-Belle-Echappee-RTS-1-1024x683.jpg 1024w, https:\/\/marion-esnault.com\/wp-content\/uploads\/2025\/05\/Valparaiso-Belle-Echappee-RTS-1-768x512.jpg 768w\" sizes=\"auto, (max-width: 1500px) 100vw, 1500px\" \/><span aria-hidden=\"true\" class=\"wp-block-cover__background has-background-dim\" style=\"background-color:#5b6776\"><\/span><div class=\"wp-block-cover__inner-container is-layout-constrained wp-block-cover-is-layout-constrained\">\n<p class=\"has-text-align-center has-background-color has-text-color has-link-color has-source-serif-pro-font-family has-medium-font-size wp-elements-0ef48966eae21b1635b622f162f77566\" style=\"font-style:normal;font-weight:600\"><a href=\"https:\/\/marion-esnault.com\/index.php\/2025\/05\/19\/valparaiso-vivre-sur-les-collines\/\" data-type=\"post\" data-id=\"371\">VALPARA\u00cdSO, VIVRE SUR LES COLLINES<\/a><\/p>\n<\/div><\/div>\n\n\n\n<div class=\"wp-block-cover has-foreground-color has-text-color has-link-color wp-elements-6bcdb041642c294fd33b5454f4dd1dc1\" style=\"border-width:3px\"><img loading=\"lazy\" decoding=\"async\" width=\"1024\" height=\"680\" class=\"wp-block-cover__image-background wp-image-117 size-large\" alt=\"\" src=\"https:\/\/marion-esnault.com\/wp-content\/uploads\/2025\/05\/NDDL-Zone-de-vie-guerre-site-internet-3-1024x680.jpg\" style=\"object-position:17% 55%\" data-object-fit=\"cover\" data-object-position=\"17% 55%\" srcset=\"https:\/\/marion-esnault.com\/wp-content\/uploads\/2025\/05\/NDDL-Zone-de-vie-guerre-site-internet-3-1024x680.jpg 1024w, https:\/\/marion-esnault.com\/wp-content\/uploads\/2025\/05\/NDDL-Zone-de-vie-guerre-site-internet-3-300x199.jpg 300w, https:\/\/marion-esnault.com\/wp-content\/uploads\/2025\/05\/NDDL-Zone-de-vie-guerre-site-internet-3-768x510.jpg 768w, https:\/\/marion-esnault.com\/wp-content\/uploads\/2025\/05\/NDDL-Zone-de-vie-guerre-site-internet-3-1536x1020.jpg 1536w, https:\/\/marion-esnault.com\/wp-content\/uploads\/2025\/05\/NDDL-Zone-de-vie-guerre-site-internet-3.jpg 1999w\" sizes=\"auto, (max-width: 1024px) 100vw, 1024px\" \/><span aria-hidden=\"true\" class=\"wp-block-cover__background has-background-dim\" style=\"background-color:#6a7a7e\"><\/span><div class=\"wp-block-cover__inner-container is-layout-constrained wp-block-cover-is-layout-constrained\">\n<p class=\"has-text-align-center has-background-color has-text-color has-link-color has-source-serif-pro-font-family has-medium-font-size wp-elements-1ed6806b0708936d26c10d2a757ef706\" style=\"font-style:normal;font-weight:600\"><a href=\"https:\/\/marion-esnault.com\/index.php\/2025\/05\/20\/zone-de-vie-zone-de-guerre\/\" data-type=\"post\" data-id=\"380\">ZONE DE VIE, ZONE DE GUERRE<\/a><\/p>\n<\/div><\/div>\n\n\n\n<div class=\"wp-block-cover is-light\" style=\"border-width:3px\"><img loading=\"lazy\" decoding=\"async\" width=\"1024\" height=\"680\" class=\"wp-block-cover__image-background wp-image-118 size-large\" alt=\"\" src=\"https:\/\/marion-esnault.com\/wp-content\/uploads\/2025\/05\/Marseile-effondrement-site-internet-2-1024x680.jpg\" data-object-fit=\"cover\" srcset=\"https:\/\/marion-esnault.com\/wp-content\/uploads\/2025\/05\/Marseile-effondrement-site-internet-2-1024x680.jpg 1024w, https:\/\/marion-esnault.com\/wp-content\/uploads\/2025\/05\/Marseile-effondrement-site-internet-2-300x199.jpg 300w, https:\/\/marion-esnault.com\/wp-content\/uploads\/2025\/05\/Marseile-effondrement-site-internet-2-768x510.jpg 768w, https:\/\/marion-esnault.com\/wp-content\/uploads\/2025\/05\/Marseile-effondrement-site-internet-2-1536x1020.jpg 1536w, https:\/\/marion-esnault.com\/wp-content\/uploads\/2025\/05\/Marseile-effondrement-site-internet-2.jpg 1999w\" sizes=\"auto, (max-width: 1024px) 100vw, 1024px\" \/><span aria-hidden=\"true\" class=\"wp-block-cover__background has-background-dim-60 has-background-dim\" style=\"background-color:#a7876d\"><\/span><div class=\"wp-block-cover__inner-container is-layout-constrained wp-block-cover-is-layout-constrained\">\n<p class=\"has-text-align-center has-background-color has-text-color has-link-color has-source-serif-pro-font-family has-medium-font-size wp-elements-ef3cf270ecaef4e0dc6a5629d1331f43\" style=\"font-style:normal;font-weight:600\"><a href=\"https:\/\/marion-esnault.com\/index.php\/2025\/05\/20\/marseille-victimes-de-leffondrement\/\" data-type=\"post\" data-id=\"400\">MARSEILLE, VICTIMES DE L&rsquo;EFFONDREMENT<\/a><\/p>\n<\/div><\/div>\n<\/div>\n\n\n\n<p><\/p>\n","protected":false},"excerpt":{"rendered":"<p>Tous ces reportages (et d&rsquo;autres) ont \u00e9t\u00e9 publi\u00e9s dans des m\u00e9dias francophones. En France : Reporterre, La Croix, Politis, Socialter, RFI&#8230;En Suisse, la RTS, Le Temps, Le Courrier&#8230;En Belgique, la RTBF et au Canada, La Presse. Les liens vers les articles de presse et les podcasts de ces reportages sont \u00e0 la fin de chaque [&hellip;]<\/p>\n","protected":false},"author":1,"featured_media":0,"parent":0,"menu_order":0,"comment_status":"closed","ping_status":"closed","template":"","meta":{"footnotes":""},"class_list":["post-25","page","type-page","status-publish","hentry"],"_links":{"self":[{"href":"https:\/\/marion-esnault.com\/index.php\/wp-json\/wp\/v2\/pages\/25","targetHints":{"allow":["GET"]}}],"collection":[{"href":"https:\/\/marion-esnault.com\/index.php\/wp-json\/wp\/v2\/pages"}],"about":[{"href":"https:\/\/marion-esnault.com\/index.php\/wp-json\/wp\/v2\/types\/page"}],"author":[{"embeddable":true,"href":"https:\/\/marion-esnault.com\/index.php\/wp-json\/wp\/v2\/users\/1"}],"replies":[{"embeddable":true,"href":"https:\/\/marion-esnault.com\/index.php\/wp-json\/wp\/v2\/comments?post=25"}],"version-history":[{"count":35,"href":"https:\/\/marion-esnault.com\/index.php\/wp-json\/wp\/v2\/pages\/25\/revisions"}],"predecessor-version":[{"id":421,"href":"https:\/\/marion-esnault.com\/index.php\/wp-json\/wp\/v2\/pages\/25\/revisions\/421"}],"wp:attachment":[{"href":"https:\/\/marion-esnault.com\/index.php\/wp-json\/wp\/v2\/media?parent=25"}],"curies":[{"name":"wp","href":"https:\/\/api.w.org\/{rel}","templated":true}]}}