{"id":37,"date":"2025-05-07T18:57:22","date_gmt":"2025-05-07T16:57:22","guid":{"rendered":"https:\/\/marion-esnault.com\/?page_id=37"},"modified":"2025-05-20T02:24:38","modified_gmt":"2025-05-20T00:24:38","slug":"photographies","status":"publish","type":"page","link":"https:\/\/marion-esnault.com\/index.php\/photographies\/","title":{"rendered":"PHOTOGRAPHIES"},"content":{"rendered":"\n<div class=\"wp-block-group is-layout-grid wp-container-core-group-is-layout-478b6e6b wp-block-group-is-layout-grid\">\n<div class=\"wp-block-cover has-foreground-color has-text-color has-link-color wp-elements-b405d31c2e784683f91e20c85501e3ce\" style=\"border-width:3px\"><img loading=\"lazy\" decoding=\"async\" width=\"683\" height=\"1024\" class=\"wp-block-cover__image-background wp-image-429\" alt=\"\" src=\"https:\/\/marion-esnault.com\/wp-content\/uploads\/2025\/05\/Nepal-enfants-des-rues-site-internet-3-683x1024.jpg\" style=\"object-position:47% 11%\" data-object-fit=\"cover\" data-object-position=\"47% 11%\" srcset=\"https:\/\/marion-esnault.com\/wp-content\/uploads\/2025\/05\/Nepal-enfants-des-rues-site-internet-3-683x1024.jpg 683w, https:\/\/marion-esnault.com\/wp-content\/uploads\/2025\/05\/Nepal-enfants-des-rues-site-internet-3-200x300.jpg 200w, https:\/\/marion-esnault.com\/wp-content\/uploads\/2025\/05\/Nepal-enfants-des-rues-site-internet-3-768x1152.jpg 768w, https:\/\/marion-esnault.com\/wp-content\/uploads\/2025\/05\/Nepal-enfants-des-rues-site-internet-3-1024x1536.jpg 1024w, https:\/\/marion-esnault.com\/wp-content\/uploads\/2025\/05\/Nepal-enfants-des-rues-site-internet-3-1365x2048.jpg 1365w, https:\/\/marion-esnault.com\/wp-content\/uploads\/2025\/05\/Nepal-enfants-des-rues-site-internet-3-scaled.jpg 1707w\" sizes=\"auto, (max-width: 683px) 100vw, 683px\" \/><span aria-hidden=\"true\" class=\"wp-block-cover__background has-background-dim\"><\/span><div class=\"wp-block-cover__inner-container is-layout-flow wp-block-cover-is-layout-flow\">\n<p class=\"has-text-align-center has-background-color has-text-color has-link-color has-source-serif-pro-font-family has-medium-font-size wp-elements-4e2b5f06c32f189f0e56f400ad69dd2a\" style=\"font-style:normal;font-weight:600\"><a href=\"https:\/\/marion-esnault.com\/index.php\/2025\/05\/20\/le-cercle-des-enfants-des-rues\/\" data-type=\"post\" data-id=\"435\">LE CERCLE DES ENFANTS DES RUES<\/a><\/p>\n<\/div><\/div>\n\n\n\n<div class=\"wp-block-group is-layout-grid wp-container-core-group-is-layout-478b6e6b wp-block-group-is-layout-grid\">\n<div class=\"wp-block-cover has-foreground-color has-text-color has-link-color wp-elements-bbe54e00e67f3f5e7544ca02ba4c49e1\" style=\"border-width:3px\"><img loading=\"lazy\" decoding=\"async\" width=\"1024\" height=\"683\" class=\"wp-block-cover__image-background wp-image-430\" alt=\"\" src=\"https:\/\/marion-esnault.com\/wp-content\/uploads\/2025\/05\/A-l-ancienne-noir-et-blanc-site-internet-1-1024x683.jpg\" data-object-fit=\"cover\" srcset=\"https:\/\/marion-esnault.com\/wp-content\/uploads\/2025\/05\/A-l-ancienne-noir-et-blanc-site-internet-1-1024x683.jpg 1024w, https:\/\/marion-esnault.com\/wp-content\/uploads\/2025\/05\/A-l-ancienne-noir-et-blanc-site-internet-1-300x200.jpg 300w, https:\/\/marion-esnault.com\/wp-content\/uploads\/2025\/05\/A-l-ancienne-noir-et-blanc-site-internet-1-768x512.jpg 768w, https:\/\/marion-esnault.com\/wp-content\/uploads\/2025\/05\/A-l-ancienne-noir-et-blanc-site-internet-1.jpg 1500w\" sizes=\"auto, (max-width: 1024px) 100vw, 1024px\" \/><span aria-hidden=\"true\" class=\"wp-block-cover__background has-background-dim\"><\/span><div class=\"wp-block-cover__inner-container is-layout-flow wp-block-cover-is-layout-flow\">\n<p class=\"has-text-align-center has-background-color has-text-color has-link-color has-source-serif-pro-font-family has-medium-font-size wp-elements-a4f6822074983236a52e019a9879276c\" style=\"font-style:normal;font-weight:600\"><a href=\"https:\/\/marion-esnault.com\/index.php\/2025\/05\/20\/a-lancienne\/\" data-type=\"post\" data-id=\"456\">\u00c0 L&rsquo;ANCIENNE<\/a><\/p>\n<\/div><\/div>\n\n\n\n<div class=\"wp-block-cover has-foreground-color has-text-color has-link-color wp-elements-981f7b319db89c5a09f5731afe7b9acd\" style=\"border-width:3px\"><img loading=\"lazy\" decoding=\"async\" width=\"1024\" height=\"682\" class=\"wp-block-cover__image-background wp-image-431\" alt=\"\" src=\"https:\/\/marion-esnault.com\/wp-content\/uploads\/2025\/05\/Abstraction-du-reel-site-internet-3-1024x682.jpg\" data-object-fit=\"cover\" srcset=\"https:\/\/marion-esnault.com\/wp-content\/uploads\/2025\/05\/Abstraction-du-reel-site-internet-3-1024x682.jpg 1024w, https:\/\/marion-esnault.com\/wp-content\/uploads\/2025\/05\/Abstraction-du-reel-site-internet-3-300x200.jpg 300w, https:\/\/marion-esnault.com\/wp-content\/uploads\/2025\/05\/Abstraction-du-reel-site-internet-3-768x512.jpg 768w, https:\/\/marion-esnault.com\/wp-content\/uploads\/2025\/05\/Abstraction-du-reel-site-internet-3-1536x1024.jpg 1536w, https:\/\/marion-esnault.com\/wp-content\/uploads\/2025\/05\/Abstraction-du-reel-site-internet-3.jpg 2000w\" sizes=\"auto, (max-width: 1024px) 100vw, 1024px\" \/><span aria-hidden=\"true\" class=\"wp-block-cover__background has-background-dim\"><\/span><div class=\"wp-block-cover__inner-container is-layout-flow wp-block-cover-is-layout-flow\">\n<p class=\"has-text-align-center has-background-color has-text-color has-link-color has-source-serif-pro-font-family has-medium-font-size wp-elements-3a3fc7697272da764f07db830db62236\" style=\"font-style:normal;font-weight:600\"><a href=\"https:\/\/marion-esnault.com\/index.php\/2025\/05\/20\/abstraction-du-reel\/\" data-type=\"post\" data-id=\"483\">ABSTRACTION DU R\u00c9EL<\/a><\/p>\n<\/div><\/div>\n<\/div>\n\n\n\n<div class=\"wp-block-cover has-foreground-color has-text-color has-link-color wp-elements-dfeeeed174a7546cf65916a63862bfaa\" style=\"border-width:3px\"><img loading=\"lazy\" decoding=\"async\" width=\"1024\" height=\"683\" class=\"wp-block-cover__image-background wp-image-432\" alt=\"\" src=\"http:\/\/marion-esnault.com\/wp-content\/uploads\/2025\/05\/Confinement-Valparaiso-site-internet-1-1024x683.jpg\" style=\"object-position:32% 78%\" data-object-fit=\"cover\" data-object-position=\"32% 78%\" srcset=\"https:\/\/marion-esnault.com\/wp-content\/uploads\/2025\/05\/Confinement-Valparaiso-site-internet-1-1024x683.jpg 1024w, https:\/\/marion-esnault.com\/wp-content\/uploads\/2025\/05\/Confinement-Valparaiso-site-internet-1-300x200.jpg 300w, https:\/\/marion-esnault.com\/wp-content\/uploads\/2025\/05\/Confinement-Valparaiso-site-internet-1-768x512.jpg 768w, https:\/\/marion-esnault.com\/wp-content\/uploads\/2025\/05\/Confinement-Valparaiso-site-internet-1-1536x1024.jpg 1536w, https:\/\/marion-esnault.com\/wp-content\/uploads\/2025\/05\/Confinement-Valparaiso-site-internet-1.jpg 1999w\" sizes=\"auto, (max-width: 1024px) 100vw, 1024px\" \/><span aria-hidden=\"true\" class=\"wp-block-cover__background has-background-dim-0 has-background-dim\"><\/span><div class=\"wp-block-cover__inner-container is-layout-flow wp-block-cover-is-layout-flow\">\n<p class=\"has-text-align-center has-background-color has-text-color has-link-color has-source-serif-pro-font-family has-medium-font-size wp-elements-49af752f01c46c59cbc72b08dced8e9a\" style=\"font-style:normal;font-weight:600\"><a href=\"https:\/\/marion-esnault.com\/index.php\/2025\/05\/20\/confinee-a-valparaiso\/\" data-type=\"post\" data-id=\"500\">CONFIN\u00c9E \u00c0 VALPARA\u00cdSO<\/a><\/p>\n<\/div><\/div>\n<\/div>\n\n\n\n<div class=\"wp-block-columns is-layout-flex wp-container-core-columns-is-layout-28f84493 wp-block-columns-is-layout-flex\">\n<div class=\"wp-block-column is-layout-flow wp-block-column-is-layout-flow\" style=\"flex-basis:100%\">\n<div class=\"wp-block-cover aligncenter has-foreground-color has-text-color has-link-color wp-elements-1267a353e7c9deef5865396be9b46ee3\" style=\"border-width:3px\"><img loading=\"lazy\" decoding=\"async\" width=\"1024\" height=\"682\" class=\"wp-block-cover__image-background wp-image-433\" alt=\"\" src=\"http:\/\/marion-esnault.com\/wp-content\/uploads\/2025\/05\/Marseille-portes-du-sud-site-internet-2-1024x682.jpg\" style=\"object-position:55% 28%\" data-object-fit=\"cover\" data-object-position=\"55% 28%\" srcset=\"https:\/\/marion-esnault.com\/wp-content\/uploads\/2025\/05\/Marseille-portes-du-sud-site-internet-2-1024x682.jpg 1024w, https:\/\/marion-esnault.com\/wp-content\/uploads\/2025\/05\/Marseille-portes-du-sud-site-internet-2-300x200.jpg 300w, https:\/\/marion-esnault.com\/wp-content\/uploads\/2025\/05\/Marseille-portes-du-sud-site-internet-2-768x512.jpg 768w, https:\/\/marion-esnault.com\/wp-content\/uploads\/2025\/05\/Marseille-portes-du-sud-site-internet-2-1536x1024.jpg 1536w, https:\/\/marion-esnault.com\/wp-content\/uploads\/2025\/05\/Marseille-portes-du-sud-site-internet-2.jpg 2000w\" sizes=\"auto, (max-width: 1024px) 100vw, 1024px\" \/><span aria-hidden=\"true\" class=\"wp-block-cover__background has-background-dim\"><\/span><div class=\"wp-block-cover__inner-container is-layout-flow wp-block-cover-is-layout-flow\">\n<p class=\"has-text-align-center has-background-color has-text-color has-link-color has-source-serif-pro-font-family has-medium-font-size wp-elements-1af32295a8781d7244e4476303ba2f88\" style=\"font-style:normal;font-weight:600\"><a href=\"https:\/\/marion-esnault.com\/index.php\/2025\/05\/20\/marseille-porte-du-sud\/\" data-type=\"post\" data-id=\"528\">MARSEILLE, PORTE DU SUD<\/a><\/p>\n<\/div><\/div>\n<\/div>\n<\/div>\n","protected":false},"excerpt":{"rendered":"","protected":false},"author":1,"featured_media":0,"parent":0,"menu_order":0,"comment_status":"closed","ping_status":"closed","template":"","meta":{"footnotes":""},"class_list":["post-37","page","type-page","status-publish","hentry"],"_links":{"self":[{"href":"https:\/\/marion-esnault.com\/index.php\/wp-json\/wp\/v2\/pages\/37","targetHints":{"allow":["GET"]}}],"collection":[{"href":"https:\/\/marion-esnault.com\/index.php\/wp-json\/wp\/v2\/pages"}],"about":[{"href":"https:\/\/marion-esnault.com\/index.php\/wp-json\/wp\/v2\/types\/page"}],"author":[{"embeddable":true,"href":"https:\/\/marion-esnault.com\/index.php\/wp-json\/wp\/v2\/users\/1"}],"replies":[{"embeddable":true,"href":"https:\/\/marion-esnault.com\/index.php\/wp-json\/wp\/v2\/comments?post=37"}],"version-history":[{"count":8,"href":"https:\/\/marion-esnault.com\/index.php\/wp-json\/wp\/v2\/pages\/37\/revisions"}],"predecessor-version":[{"id":561,"href":"https:\/\/marion-esnault.com\/index.php\/wp-json\/wp\/v2\/pages\/37\/revisions\/561"}],"wp:attachment":[{"href":"https:\/\/marion-esnault.com\/index.php\/wp-json\/wp\/v2\/media?parent=37"}],"curies":[{"name":"wp","href":"https:\/\/api.w.org\/{rel}","templated":true}]}}